{"id":163,"date":"2024-03-29T20:26:18","date_gmt":"2024-03-29T20:26:18","guid":{"rendered":"https:\/\/presidencialfado.com\/?page_id=163"},"modified":"2024-03-30T00:31:26","modified_gmt":"2024-03-30T00:31:26","slug":"politica-de-cancelamento","status":"publish","type":"page","link":"https:\/\/presidencialfado.com\/en\/politica-de-cancelamento\/","title":{"rendered":"Pol\u00edtica de cancelamento"},"content":{"rendered":"<div data-elementor-type=\"wp-page\" data-elementor-id=\"163\" class=\"elementor elementor-163\" data-elementor-post-type=\"page\">\n\t\t\t\t<div class=\"elementor-element elementor-element-d1430ce e-flex e-con-boxed e-con e-parent\" data-id=\"d1430ce\" data-element_type=\"container\" data-settings=\"{&quot;background_background&quot;:&quot;classic&quot;}\">\n\t\t\t\t\t<div class=\"e-con-inner\">\n\t\t\t\t<div class=\"elementor-element elementor-element-f9a026a elementor-widget elementor-widget-heading\" data-id=\"f9a026a\" data-element_type=\"widget\" data-widget_type=\"heading.default\">\n\t\t\t\t<div class=\"elementor-widget-container\">\n\t\t\t\t\t<h2 class=\"elementor-heading-title elementor-size-default\">Pol\u00edtica de cancelamento<\/h2>\t\t\t\t<\/div>\n\t\t\t\t<\/div>\n\t\t\t\t<div class=\"elementor-element elementor-element-46482e9 elementor-align-center elementor-widget elementor-widget-breadcrumbs\" data-id=\"46482e9\" data-element_type=\"widget\" data-widget_type=\"breadcrumbs.default\">\n\t\t\t\t<div class=\"elementor-widget-container\">\n\t\t\t\t\t<p id=\"breadcrumbs\"><span><span><a href=\"https:\/\/presidencialfado.com\/en\/\">Home<\/a><\/span><\/span><\/p>\t\t\t\t<\/div>\n\t\t\t\t<\/div>\n\t\t\t\t\t<\/div>\n\t\t\t\t<\/div>\n\t\t<div class=\"elementor-element elementor-element-1c6c255 e-flex e-con-boxed e-con e-parent\" data-id=\"1c6c255\" data-element_type=\"container\">\n\t\t\t\t\t<div class=\"e-con-inner\">\n\t\t\t\t<div class=\"elementor-element elementor-element-dfc0c67 elementor-widget elementor-widget-text-editor\" data-id=\"dfc0c67\" data-element_type=\"widget\" data-widget_type=\"text-editor.default\">\n\t\t\t\t<div class=\"elementor-widget-container\">\n\t\t\t\t\t\t\t\t\t<h2>Pol\u00edtica de Cancelamento<\/h2><p>Entendemos que planos podem mudar e, por vezes, cancelamentos s\u00e3o inevit\u00e1veis. Para garantir que ambos os lados sejam justamente tratados em tais circunst\u00e2ncias, estabelecemos a seguinte pol\u00edtica de cancelamento:<\/p><h3>Cancelamentos e Taxas<\/h3><ul><li><p><strong>Cancelamentos sem Taxa:<\/strong> Cancelamentos realizados com <strong>12 horas ou mais<\/strong> de anteced\u00eancia n\u00e3o incorrer\u00e3o em nenhuma taxa. Se voc\u00ea cancelar dentro deste prazo, o reembolso total ser\u00e1 processado utilizando o mesmo m\u00e9todo de pagamento utilizado na compra.<\/p><\/li><li><p><strong>Taxa de Cancelamento de 50%:<\/strong> Cancelamentos feitos com <strong>menos de 12 horas<\/strong> de anteced\u00eancia da hora programada para o servi\u00e7o ou em caso de n\u00e3o compar\u00eancia no dia do evento estar\u00e3o sujeitos a uma taxa de cancelamento de <strong>50%<\/strong> do valor total pago. O reembolso dos restantes 50% ser\u00e1 processado utilizando o mesmo m\u00e9todo de pagamento utilizado na compra.<\/p><\/li><li><h3>Como Cancelar<\/h3><p>Para cancelar o seu pedido, por favor, entre em contato conosco atrav\u00e9s do email: <a target=\"_new\"><b>info@presidencialfado.com<\/b><\/a> com o seu n\u00famero de pedido, nome completo e detalhes da reserva. Nossa equipe processar\u00e1 o seu cancelamento e, se aplic\u00e1vel, o reembolso, conforme nossa pol\u00edtica de cancelamento.<\/p><\/li><li><h3>Exce\u00e7\u00f5es<\/h3><p>Entendemos que circunst\u00e2ncias excepcionais, tais como emerg\u00eancias m\u00e9dicas, podem impedir o cancelamento dentro do prazo estipulado. Caso se encontre numa situa\u00e7\u00e3o excepcional, por favor, entre em contato conosco o quanto antes para discutirmos poss\u00edveis alternativas.<\/p><\/li><li><h3>Contact<\/h3><p>Em caso de d\u00favidas sobre nossa pol\u00edtica de cancelamento ou para solicitar um cancelamento, por favor, entre em contato conosco atrav\u00e9s do email <a target=\"_new\">info@presidencialfado.com<\/a>. Estamos aqui para ajudar e garantir que sua experi\u00eancia com o Presidencial Fado seja positiva, mesmo em situa\u00e7\u00f5es de cancelamento.<\/p><\/li><\/ul>\t\t\t\t\t\t\t\t<\/div>\n\t\t\t\t<\/div>\n\t\t\t\t\t<\/div>\n\t\t\t\t<\/div>\n\t\t\t\t<\/div>","protected":false},"excerpt":{"rendered":"<p>Pol\u00edtica de cancelamento Pol\u00edtica de Cancelamento Entendemos que planos podem mudar e, por vezes, cancelamentos s\u00e3o inevit\u00e1veis. Para garantir que ambos os lados sejam justamente tratados em tais circunst\u00e2ncias, estabelecemos a seguinte pol\u00edtica de cancelamento: Cancelamentos e Taxas Cancelamentos sem Taxa: Cancelamentos realizados com 12 horas ou mais de anteced\u00eancia n\u00e3o incorrer\u00e3o em nenhuma taxa. [&hellip;]<\/p>","protected":false},"author":1,"featured_media":0,"parent":0,"menu_order":0,"comment_status":"closed","ping_status":"closed","template":"","meta":{"footnotes":""},"class_list":["post-163","page","type-page","status-publish","hentry"],"yoast_head":"<!-- This site is optimized with the Yoast SEO Premium plugin v24.1 (Yoast SEO v24.1) - https:\/\/yoast.com\/wordpress\/plugins\/seo\/ -->\n<title>Pol\u00edtica de cancelamento - Presidencial Fado<\/title>\n<meta name=\"robots\" content=\"index, follow, max-snippet:-1, max-image-preview:large, max-video-preview:-1\" \/>\n<link rel=\"canonical\" href=\"https:\/\/presidencialfado.com\/en\/politica-de-cancelamento\/\" \/>\n<meta property=\"og:locale\" content=\"en_GB\" \/>\n<meta property=\"og:type\" content=\"article\" \/>\n<meta property=\"og:title\" content=\"Pol\u00edtica de cancelamento\" \/>\n<meta property=\"og:description\" content=\"Pol\u00edtica de cancelamento Pol\u00edtica de Cancelamento Entendemos que planos podem mudar e, por vezes, cancelamentos s\u00e3o inevit\u00e1veis. Para garantir que ambos os lados sejam justamente tratados em tais circunst\u00e2ncias, estabelecemos a seguinte pol\u00edtica de cancelamento: Cancelamentos e Taxas Cancelamentos sem Taxa: Cancelamentos realizados com 12 horas ou mais de anteced\u00eancia n\u00e3o incorrer\u00e3o em nenhuma taxa. [&hellip;]\" \/>\n<meta property=\"og:url\" content=\"https:\/\/presidencialfado.com\/en\/politica-de-cancelamento\/\" \/>\n<meta property=\"og:site_name\" content=\"Presidencial Fado\" \/>\n<meta property=\"article:publisher\" content=\"https:\/\/www.facebook.com\/profile.php?id=61556139603917\" \/>\n<meta property=\"article:modified_time\" content=\"2024-03-30T00:31:26+00:00\" \/>\n<meta property=\"og:image\" content=\"https:\/\/presidencialfado.com\/wp-content\/uploads\/2024\/03\/cropped-Favicon-presidencial-fado.png\" \/>\n\t<meta property=\"og:image:width\" content=\"512\" \/>\n\t<meta property=\"og:image:height\" content=\"512\" \/>\n\t<meta property=\"og:image:type\" content=\"image\/png\" \/>\n<meta name=\"twitter:card\" content=\"summary_large_image\" \/>\n<meta name=\"twitter:label1\" content=\"Estimated reading time\" \/>\n\t<meta name=\"twitter:data1\" content=\"2 minutes\" \/>\n<script type=\"application\/ld+json\" class=\"yoast-schema-graph\">{\"@context\":\"https:\/\/schema.org\",\"@graph\":[{\"@type\":\"WebPage\",\"@id\":\"https:\/\/presidencialfado.com\/politica-de-cancelamento\/\",\"url\":\"https:\/\/presidencialfado.com\/politica-de-cancelamento\/\",\"name\":\"Pol\u00edtica de cancelamento - Presidencial Fado\",\"isPartOf\":{\"@id\":\"https:\/\/presidencialfado.com\/#website\"},\"datePublished\":\"2024-03-29T20:26:18+00:00\",\"dateModified\":\"2024-03-30T00:31:26+00:00\",\"breadcrumb\":{\"@id\":\"https:\/\/presidencialfado.com\/politica-de-cancelamento\/#breadcrumb\"},\"inLanguage\":\"en-GB\",\"potentialAction\":[{\"@type\":\"ReadAction\",\"target\":[\"https:\/\/presidencialfado.com\/politica-de-cancelamento\/\"]}]},{\"@type\":\"BreadcrumbList\",\"@id\":\"https:\/\/presidencialfado.com\/politica-de-cancelamento\/#breadcrumb\",\"itemListElement\":[{\"@type\":\"ListItem\",\"position\":1,\"name\":\"Home\",\"item\":\"https:\/\/presidencialfado.com\/\"},{\"@type\":\"ListItem\",\"position\":2,\"name\":\"Pol\u00edtica de cancelamento\"}]},{\"@type\":\"WebSite\",\"@id\":\"https:\/\/presidencialfado.com\/#website\",\"url\":\"https:\/\/presidencialfado.com\/\",\"name\":\"Presidencial Fado\",\"description\":\"Deixe-se envolver pelo fado na emblem\u00e1tica esta\u00e7\u00e3o de S\u00e3o Bento!\",\"publisher\":{\"@id\":\"https:\/\/presidencialfado.com\/#organization\"},\"alternateName\":\"Presidencial Fado - Portugal Exclusive\",\"potentialAction\":[{\"@type\":\"SearchAction\",\"target\":{\"@type\":\"EntryPoint\",\"urlTemplate\":\"https:\/\/presidencialfado.com\/?s={search_term_string}\"},\"query-input\":{\"@type\":\"PropertyValueSpecification\",\"valueRequired\":true,\"valueName\":\"search_term_string\"}}],\"inLanguage\":\"en-GB\"},{\"@type\":[\"Organization\",\"Place\",\"MusicVenue\"],\"@id\":\"https:\/\/presidencialfado.com\/#organization\",\"name\":\"Presidencial Fado\",\"alternateName\":\"Presidencial Fado - Portugal Exclusive\",\"url\":\"https:\/\/presidencialfado.com\/\",\"logo\":{\"@id\":\"https:\/\/presidencialfado.com\/politica-de-cancelamento\/#local-main-organization-logo\"},\"image\":{\"@id\":\"https:\/\/presidencialfado.com\/politica-de-cancelamento\/#local-main-organization-logo\"},\"sameAs\":[\"https:\/\/www.facebook.com\/profile.php?id=61556139603917\",\"https:\/\/www.instagram.com\/presidencial.fado\/\",\"https:\/\/www.tripadvisor.pt\/Attraction_Review-g189180-d27126109-Reviews-Presidencial_Fado-Porto_Porto_District_Northern_Portugal.html\",\"https:\/\/www.tiktok.com\/@presidencial.fado\"],\"description\":\"Dentro da maravilhosa Esta\u00e7\u00e3o Ferrovi\u00e1ria de S\u00e3o Bento encontra o local mais adequado para ouvir Fado. Um espa\u00e7o acolhedor que funciona como sala de concertos, apresenta\u00e7\u00f5es e exposi\u00e7\u00f5es e venda de produtos exclusivos portugueses. Na decora\u00e7\u00e3o est\u00e3o incorporados objetos hist\u00f3ricos dos Caminhos de Ferro em Portugal e pe\u00e7as da pr\u00f3pria Esta\u00e7\u00e3o.\",\"legalName\":\"Presidencial Fado\",\"address\":{\"@id\":\"https:\/\/presidencialfado.com\/politica-de-cancelamento\/#local-main-place-address\"},\"geo\":{\"@type\":\"GeoCoordinates\",\"latitude\":\"41.14531920\",\"longitude\":\"-8.61022250\"},\"telephone\":[\"+351931350473\"],\"contactPoint\":{\"@type\":\"ContactPoint\",\"telephone\":\"+351931350473\",\"email\":\"info@presidencialfado.com\"},\"openingHoursSpecification\":[{\"@type\":\"OpeningHoursSpecification\",\"dayOfWeek\":[\"Monday\",\"Tuesday\",\"Wednesday\",\"Thursday\",\"Friday\",\"Saturday\",\"Sunday\"],\"opens\":\"18:00\",\"closes\":\"19:00\"}],\"email\":\"info@presidencialfado.com\",\"areaServed\":\"Portugal, Porto\"},{\"@type\":\"PostalAddress\",\"@id\":\"https:\/\/presidencialfado.com\/politica-de-cancelamento\/#local-main-place-address\",\"streetAddress\":\"Gare Esta\u00e7\u00e3o de S\u00e3o Bento, Pra\u00e7a de Almeida Garrett, 4000-069 Porto\",\"addressLocality\":\"Porto\",\"postalCode\":\"4000-069\",\"addressRegion\":\"Porto\",\"addressCountry\":\"PT\"},{\"@type\":\"ImageObject\",\"inLanguage\":\"en-GB\",\"@id\":\"https:\/\/presidencialfado.com\/politica-de-cancelamento\/#local-main-organization-logo\",\"url\":\"https:\/\/presidencialfado.com\/wp-content\/uploads\/2024\/03\/Favicon-presidencial-fado.png\",\"contentUrl\":\"https:\/\/presidencialfado.com\/wp-content\/uploads\/2024\/03\/Favicon-presidencial-fado.png\",\"width\":512,\"height\":512,\"caption\":\"Presidencial Fado\"}]}<\/script>\n<meta name=\"geo.placename\" content=\"Porto\" \/>\n<meta name=\"geo.position\" content=\"41.14531920;-8.61022250\" \/>\n<meta name=\"geo.region\" content=\"Portugal\" \/>\n<!-- \/ Yoast SEO Premium plugin. -->","yoast_head_json":{"title":"Pol\u00edtica de cancelamento - Presidencial Fado","robots":{"index":"index","follow":"follow","max-snippet":"max-snippet:-1","max-image-preview":"max-image-preview:large","max-video-preview":"max-video-preview:-1"},"canonical":"https:\/\/presidencialfado.com\/en\/politica-de-cancelamento\/","og_locale":"en_GB","og_type":"article","og_title":"Pol\u00edtica de cancelamento","og_description":"Pol\u00edtica de cancelamento Pol\u00edtica de Cancelamento Entendemos que planos podem mudar e, por vezes, cancelamentos s\u00e3o inevit\u00e1veis. Para garantir que ambos os lados sejam justamente tratados em tais circunst\u00e2ncias, estabelecemos a seguinte pol\u00edtica de cancelamento: Cancelamentos e Taxas Cancelamentos sem Taxa: Cancelamentos realizados com 12 horas ou mais de anteced\u00eancia n\u00e3o incorrer\u00e3o em nenhuma taxa. [&hellip;]","og_url":"https:\/\/presidencialfado.com\/en\/politica-de-cancelamento\/","og_site_name":"Presidencial Fado","article_publisher":"https:\/\/www.facebook.com\/profile.php?id=61556139603917","article_modified_time":"2024-03-30T00:31:26+00:00","og_image":[{"width":512,"height":512,"url":"https:\/\/presidencialfado.com\/wp-content\/uploads\/2024\/03\/cropped-Favicon-presidencial-fado.png","type":"image\/png"}],"twitter_card":"summary_large_image","twitter_misc":{"Estimated reading time":"2 minutes"},"schema":{"@context":"https:\/\/schema.org","@graph":[{"@type":"WebPage","@id":"https:\/\/presidencialfado.com\/politica-de-cancelamento\/","url":"https:\/\/presidencialfado.com\/politica-de-cancelamento\/","name":"Pol\u00edtica de cancelamento - Presidencial Fado","isPartOf":{"@id":"https:\/\/presidencialfado.com\/#website"},"datePublished":"2024-03-29T20:26:18+00:00","dateModified":"2024-03-30T00:31:26+00:00","breadcrumb":{"@id":"https:\/\/presidencialfado.com\/politica-de-cancelamento\/#breadcrumb"},"inLanguage":"en-GB","potentialAction":[{"@type":"ReadAction","target":["https:\/\/presidencialfado.com\/politica-de-cancelamento\/"]}]},{"@type":"BreadcrumbList","@id":"https:\/\/presidencialfado.com\/politica-de-cancelamento\/#breadcrumb","itemListElement":[{"@type":"ListItem","position":1,"name":"Home","item":"https:\/\/presidencialfado.com\/"},{"@type":"ListItem","position":2,"name":"Pol\u00edtica de cancelamento"}]},{"@type":"WebSite","@id":"https:\/\/presidencialfado.com\/#website","url":"https:\/\/presidencialfado.com\/","name":"Presidencial Fado","description":"Deixe-se envolver pelo fado na emblem\u00e1tica esta\u00e7\u00e3o de S\u00e3o Bento!","publisher":{"@id":"https:\/\/presidencialfado.com\/#organization"},"alternateName":"Presidencial Fado - Portugal Exclusive","potentialAction":[{"@type":"SearchAction","target":{"@type":"EntryPoint","urlTemplate":"https:\/\/presidencialfado.com\/?s={search_term_string}"},"query-input":{"@type":"PropertyValueSpecification","valueRequired":true,"valueName":"search_term_string"}}],"inLanguage":"en-GB"},{"@type":["Organization","Place","MusicVenue"],"@id":"https:\/\/presidencialfado.com\/#organization","name":"Presidencial Fado","alternateName":"Presidencial Fado - Portugal Exclusive","url":"https:\/\/presidencialfado.com\/","logo":{"@id":"https:\/\/presidencialfado.com\/politica-de-cancelamento\/#local-main-organization-logo"},"image":{"@id":"https:\/\/presidencialfado.com\/politica-de-cancelamento\/#local-main-organization-logo"},"sameAs":["https:\/\/www.facebook.com\/profile.php?id=61556139603917","https:\/\/www.instagram.com\/presidencial.fado\/","https:\/\/www.tripadvisor.pt\/Attraction_Review-g189180-d27126109-Reviews-Presidencial_Fado-Porto_Porto_District_Northern_Portugal.html","https:\/\/www.tiktok.com\/@presidencial.fado"],"description":"Dentro da maravilhosa Esta\u00e7\u00e3o Ferrovi\u00e1ria de S\u00e3o Bento encontra o local mais adequado para ouvir Fado. Um espa\u00e7o acolhedor que funciona como sala de concertos, apresenta\u00e7\u00f5es e exposi\u00e7\u00f5es e venda de produtos exclusivos portugueses. Na decora\u00e7\u00e3o est\u00e3o incorporados objetos hist\u00f3ricos dos Caminhos de Ferro em Portugal e pe\u00e7as da pr\u00f3pria Esta\u00e7\u00e3o.","legalName":"Presidencial Fado","address":{"@id":"https:\/\/presidencialfado.com\/politica-de-cancelamento\/#local-main-place-address"},"geo":{"@type":"GeoCoordinates","latitude":"41.14531920","longitude":"-8.61022250"},"telephone":["+351931350473"],"contactPoint":{"@type":"ContactPoint","telephone":"+351931350473","email":"info@presidencialfado.com"},"openingHoursSpecification":[{"@type":"OpeningHoursSpecification","dayOfWeek":["Monday","Tuesday","Wednesday","Thursday","Friday","Saturday","Sunday"],"opens":"18:00","closes":"19:00"}],"email":"info@presidencialfado.com","areaServed":"Portugal, Porto"},{"@type":"PostalAddress","@id":"https:\/\/presidencialfado.com\/politica-de-cancelamento\/#local-main-place-address","streetAddress":"Gare Esta\u00e7\u00e3o de S\u00e3o Bento, Pra\u00e7a de Almeida Garrett, 4000-069 Porto","addressLocality":"Porto","postalCode":"4000-069","addressRegion":"Porto","addressCountry":"PT"},{"@type":"ImageObject","inLanguage":"en-GB","@id":"https:\/\/presidencialfado.com\/politica-de-cancelamento\/#local-main-organization-logo","url":"https:\/\/presidencialfado.com\/wp-content\/uploads\/2024\/03\/Favicon-presidencial-fado.png","contentUrl":"https:\/\/presidencialfado.com\/wp-content\/uploads\/2024\/03\/Favicon-presidencial-fado.png","width":512,"height":512,"caption":"Presidencial Fado"}]},"geo.placename":"Porto","geo.position":{"lat":"41.14531920","long":"-8.61022250"},"geo.region":"Portugal"},"_links":{"self":[{"href":"https:\/\/presidencialfado.com\/en\/wp-json\/wp\/v2\/pages\/163","targetHints":{"allow":["GET"]}}],"collection":[{"href":"https:\/\/presidencialfado.com\/en\/wp-json\/wp\/v2\/pages"}],"about":[{"href":"https:\/\/presidencialfado.com\/en\/wp-json\/wp\/v2\/types\/page"}],"author":[{"embeddable":true,"href":"https:\/\/presidencialfado.com\/en\/wp-json\/wp\/v2\/users\/1"}],"replies":[{"embeddable":true,"href":"https:\/\/presidencialfado.com\/en\/wp-json\/wp\/v2\/comments?post=163"}],"version-history":[{"count":10,"href":"https:\/\/presidencialfado.com\/en\/wp-json\/wp\/v2\/pages\/163\/revisions"}],"predecessor-version":[{"id":265,"href":"https:\/\/presidencialfado.com\/en\/wp-json\/wp\/v2\/pages\/163\/revisions\/265"}],"wp:attachment":[{"href":"https:\/\/presidencialfado.com\/en\/wp-json\/wp\/v2\/media?parent=163"}],"curies":[{"name":"wp","href":"https:\/\/api.w.org\/{rel}","templated":true}]}}