{"id":33,"date":"2024-03-29T18:18:21","date_gmt":"2024-03-29T18:18:21","guid":{"rendered":"https:\/\/presidencialfado.com\/?page_id=33"},"modified":"2024-05-27T09:30:47","modified_gmt":"2024-05-27T09:30:47","slug":"bilhetes","status":"publish","type":"page","link":"https:\/\/presidencialfado.com\/en\/tickets\/","title":{"rendered":"Tickets"},"content":{"rendered":"<div data-elementor-type=\"wp-page\" data-elementor-id=\"33\" class=\"elementor elementor-33\" data-elementor-post-type=\"page\">\n\t\t\t\t<div class=\"elementor-element elementor-element-e3eb310 e-flex e-con-boxed e-con e-parent\" data-id=\"e3eb310\" data-element_type=\"container\" data-settings=\"{&quot;background_background&quot;:&quot;classic&quot;}\">\n\t\t\t\t\t<div class=\"e-con-inner\">\n\t\t\t\t<div class=\"elementor-element elementor-element-659d119 elementor-widget elementor-widget-heading\" data-id=\"659d119\" data-element_type=\"widget\" data-widget_type=\"heading.default\">\n\t\t\t\t<div class=\"elementor-widget-container\">\n\t\t\t\t\t<h1 class=\"elementor-heading-title elementor-size-default\">Tickets<\/h1>\t\t\t\t<\/div>\n\t\t\t\t<\/div>\n\t\t\t\t<div class=\"elementor-element elementor-element-849d958 elementor-align-center elementor-widget elementor-widget-breadcrumbs\" data-id=\"849d958\" data-element_type=\"widget\" data-widget_type=\"breadcrumbs.default\">\n\t\t\t\t<div class=\"elementor-widget-container\">\n\t\t\t\t\t<p id=\"breadcrumbs\"><span><span><a href=\"https:\/\/presidencialfado.com\/en\/\">Home<\/a><\/span><\/span><\/p>\t\t\t\t<\/div>\n\t\t\t\t<\/div>\n\t\t\t\t\t<\/div>\n\t\t\t\t<\/div>\n\t\t<div class=\"elementor-element elementor-element-1ac66da e-flex e-con-boxed e-con e-parent\" data-id=\"1ac66da\" data-element_type=\"container\">\n\t\t\t\t\t<div class=\"e-con-inner\">\n\t\t<div class=\"elementor-element elementor-element-99acfe9 e-flex e-con-boxed e-con e-child\" data-id=\"99acfe9\" data-element_type=\"container\" data-settings=\"{&quot;background_background&quot;:&quot;classic&quot;}\">\n\t\t\t\t\t<div class=\"e-con-inner\">\n\t\t\t\t<div class=\"elementor-element elementor-element-765819e elementor-widget elementor-widget-html\" data-id=\"765819e\" data-element_type=\"widget\" data-widget_type=\"html.default\">\n\t\t\t\t<div class=\"elementor-widget-container\">\n\t\t\t\t\t<script type=\"text\/javascript\" src=\"https:\/\/bookeo.com\/widget.js?a=3250MKECRH18D7B9AC3B5\"><\/script>\t\t\t\t<\/div>\n\t\t\t\t<\/div>\n\t\t\t\t<div class=\"elementor-element elementor-element-c656ab4 elementor-widget__width-initial elementor-widget-mobile__width-inherit elementor-widget elementor-widget-image\" data-id=\"c656ab4\" data-element_type=\"widget\" data-widget_type=\"image.default\">\n\t\t\t\t<div class=\"elementor-widget-container\">\n\t\t\t\t\t\t\t\t\t\t\t\t\t\t\t<img fetchpriority=\"high\" decoding=\"async\" width=\"841\" height=\"159\" src=\"https:\/\/presidencialfado.com\/wp-content\/uploads\/2024\/05\/formas-de-pagamento-presidencial-fado.webp\" class=\"attachment-full size-full wp-image-429\" alt=\"\" srcset=\"https:\/\/presidencialfado.com\/wp-content\/uploads\/2024\/05\/formas-de-pagamento-presidencial-fado.webp 841w, https:\/\/presidencialfado.com\/wp-content\/uploads\/2024\/05\/formas-de-pagamento-presidencial-fado-300x57.webp 300w, https:\/\/presidencialfado.com\/wp-content\/uploads\/2024\/05\/formas-de-pagamento-presidencial-fado-768x145.webp 768w, https:\/\/presidencialfado.com\/wp-content\/uploads\/2024\/05\/formas-de-pagamento-presidencial-fado-18x3.webp 18w\" sizes=\"(max-width: 841px) 100vw, 841px\" \/>\t\t\t\t\t\t\t\t\t\t\t\t\t\t\t<\/div>\n\t\t\t\t<\/div>\n\t\t\t\t\t<\/div>\n\t\t\t\t<\/div>\n\t\t\t\t\t<\/div>\n\t\t\t\t<\/div>\n\t\t\t\t<\/div>","protected":false},"excerpt":{"rendered":"<p>Tickets<\/p>","protected":false},"author":1,"featured_media":0,"parent":0,"menu_order":0,"comment_status":"closed","ping_status":"closed","template":"","meta":{"footnotes":""},"class_list":["post-33","page","type-page","status-publish","hentry"],"yoast_head":"<!-- This site is optimized with the Yoast SEO Premium plugin v24.1 (Yoast SEO v24.1) - https:\/\/yoast.com\/wordpress\/plugins\/seo\/ -->\n<title>Bilhetes - Presidencial Fado<\/title>\n<meta name=\"robots\" content=\"index, follow, max-snippet:-1, max-image-preview:large, max-video-preview:-1\" \/>\n<link rel=\"canonical\" href=\"https:\/\/presidencialfado.com\/en\/tickets\/\" \/>\n<meta property=\"og:locale\" content=\"en_GB\" \/>\n<meta property=\"og:type\" content=\"article\" \/>\n<meta property=\"og:title\" content=\"Bilhetes\" \/>\n<meta property=\"og:description\" content=\"Bilhetes\" \/>\n<meta property=\"og:url\" content=\"https:\/\/presidencialfado.com\/en\/tickets\/\" \/>\n<meta property=\"og:site_name\" content=\"Presidencial Fado\" \/>\n<meta property=\"article:publisher\" content=\"https:\/\/www.facebook.com\/profile.php?id=61556139603917\" \/>\n<meta property=\"article:modified_time\" content=\"2024-05-27T09:30:47+00:00\" \/>\n<meta property=\"og:image\" content=\"https:\/\/presidencialfado.com\/wp-content\/uploads\/2024\/05\/formas-de-pagamento-presidencial-fado.webp\" \/>\n<meta name=\"twitter:card\" content=\"summary_large_image\" \/>\n<meta name=\"twitter:label1\" content=\"Estimated reading time\" \/>\n\t<meta name=\"twitter:data1\" content=\"1 minute\" \/>\n<script type=\"application\/ld+json\" class=\"yoast-schema-graph\">{\"@context\":\"https:\/\/schema.org\",\"@graph\":[{\"@type\":\"WebPage\",\"@id\":\"https:\/\/presidencialfado.com\/bilhetes\/\",\"url\":\"https:\/\/presidencialfado.com\/bilhetes\/\",\"name\":\"Bilhetes - Presidencial Fado\",\"isPartOf\":{\"@id\":\"https:\/\/presidencialfado.com\/#website\"},\"primaryImageOfPage\":{\"@id\":\"https:\/\/presidencialfado.com\/bilhetes\/#primaryimage\"},\"image\":{\"@id\":\"https:\/\/presidencialfado.com\/bilhetes\/#primaryimage\"},\"thumbnailUrl\":\"https:\/\/presidencialfado.com\/wp-content\/uploads\/2024\/05\/formas-de-pagamento-presidencial-fado.webp\",\"datePublished\":\"2024-03-29T18:18:21+00:00\",\"dateModified\":\"2024-05-27T09:30:47+00:00\",\"breadcrumb\":{\"@id\":\"https:\/\/presidencialfado.com\/bilhetes\/#breadcrumb\"},\"inLanguage\":\"en-GB\",\"potentialAction\":[{\"@type\":\"ReadAction\",\"target\":[\"https:\/\/presidencialfado.com\/bilhetes\/\"]}]},{\"@type\":\"ImageObject\",\"inLanguage\":\"en-GB\",\"@id\":\"https:\/\/presidencialfado.com\/bilhetes\/#primaryimage\",\"url\":\"https:\/\/presidencialfado.com\/wp-content\/uploads\/2024\/05\/formas-de-pagamento-presidencial-fado.webp\",\"contentUrl\":\"https:\/\/presidencialfado.com\/wp-content\/uploads\/2024\/05\/formas-de-pagamento-presidencial-fado.webp\"},{\"@type\":\"BreadcrumbList\",\"@id\":\"https:\/\/presidencialfado.com\/bilhetes\/#breadcrumb\",\"itemListElement\":[{\"@type\":\"ListItem\",\"position\":1,\"name\":\"Home\",\"item\":\"https:\/\/presidencialfado.com\/\"},{\"@type\":\"ListItem\",\"position\":2,\"name\":\"Bilhetes\"}]},{\"@type\":\"WebSite\",\"@id\":\"https:\/\/presidencialfado.com\/#website\",\"url\":\"https:\/\/presidencialfado.com\/\",\"name\":\"Presidencial Fado\",\"description\":\"Deixe-se envolver pelo fado na emblem\u00e1tica esta\u00e7\u00e3o de S\u00e3o Bento!\",\"publisher\":{\"@id\":\"https:\/\/presidencialfado.com\/#organization\"},\"alternateName\":\"Presidencial Fado - Portugal Exclusive\",\"potentialAction\":[{\"@type\":\"SearchAction\",\"target\":{\"@type\":\"EntryPoint\",\"urlTemplate\":\"https:\/\/presidencialfado.com\/?s={search_term_string}\"},\"query-input\":{\"@type\":\"PropertyValueSpecification\",\"valueRequired\":true,\"valueName\":\"search_term_string\"}}],\"inLanguage\":\"en-GB\"},{\"@type\":[\"Organization\",\"Place\",\"MusicVenue\"],\"@id\":\"https:\/\/presidencialfado.com\/#organization\",\"name\":\"Presidencial Fado\",\"alternateName\":\"Presidencial Fado - Portugal Exclusive\",\"url\":\"https:\/\/presidencialfado.com\/\",\"logo\":{\"@id\":\"https:\/\/presidencialfado.com\/bilhetes\/#local-main-organization-logo\"},\"image\":{\"@id\":\"https:\/\/presidencialfado.com\/bilhetes\/#local-main-organization-logo\"},\"sameAs\":[\"https:\/\/www.facebook.com\/profile.php?id=61556139603917\",\"https:\/\/www.instagram.com\/presidencial.fado\/\",\"https:\/\/www.tripadvisor.pt\/Attraction_Review-g189180-d27126109-Reviews-Presidencial_Fado-Porto_Porto_District_Northern_Portugal.html\",\"https:\/\/www.tiktok.com\/@presidencial.fado\"],\"description\":\"Dentro da maravilhosa Esta\u00e7\u00e3o Ferrovi\u00e1ria de S\u00e3o Bento encontra o local mais adequado para ouvir Fado. Um espa\u00e7o acolhedor que funciona como sala de concertos, apresenta\u00e7\u00f5es e exposi\u00e7\u00f5es e venda de produtos exclusivos portugueses. Na decora\u00e7\u00e3o est\u00e3o incorporados objetos hist\u00f3ricos dos Caminhos de Ferro em Portugal e pe\u00e7as da pr\u00f3pria Esta\u00e7\u00e3o.\",\"legalName\":\"Presidencial Fado\",\"address\":{\"@id\":\"https:\/\/presidencialfado.com\/bilhetes\/#local-main-place-address\"},\"geo\":{\"@type\":\"GeoCoordinates\",\"latitude\":\"41.14531920\",\"longitude\":\"-8.61022250\"},\"telephone\":[\"+351931350473\"],\"contactPoint\":{\"@type\":\"ContactPoint\",\"telephone\":\"+351931350473\",\"email\":\"info@presidencialfado.com\"},\"openingHoursSpecification\":[{\"@type\":\"OpeningHoursSpecification\",\"dayOfWeek\":[\"Monday\",\"Tuesday\",\"Wednesday\",\"Thursday\",\"Friday\",\"Saturday\",\"Sunday\"],\"opens\":\"18:00\",\"closes\":\"19:00\"}],\"email\":\"info@presidencialfado.com\",\"areaServed\":\"Portugal, Porto\"},{\"@type\":\"PostalAddress\",\"@id\":\"https:\/\/presidencialfado.com\/bilhetes\/#local-main-place-address\",\"streetAddress\":\"Gare Esta\u00e7\u00e3o de S\u00e3o Bento, Pra\u00e7a de Almeida Garrett, 4000-069 Porto\",\"addressLocality\":\"Porto\",\"postalCode\":\"4000-069\",\"addressRegion\":\"Porto\",\"addressCountry\":\"PT\"},{\"@type\":\"ImageObject\",\"inLanguage\":\"en-GB\",\"@id\":\"https:\/\/presidencialfado.com\/bilhetes\/#local-main-organization-logo\",\"url\":\"https:\/\/presidencialfado.com\/wp-content\/uploads\/2024\/03\/Favicon-presidencial-fado.png\",\"contentUrl\":\"https:\/\/presidencialfado.com\/wp-content\/uploads\/2024\/03\/Favicon-presidencial-fado.png\",\"width\":512,\"height\":512,\"caption\":\"Presidencial Fado\"}]}<\/script>\n<meta name=\"geo.placename\" content=\"Porto\" \/>\n<meta name=\"geo.position\" content=\"41.14531920;-8.61022250\" \/>\n<meta name=\"geo.region\" content=\"Portugal\" \/>\n<!-- \/ Yoast SEO Premium plugin. -->","yoast_head_json":{"title":"Bilhetes - Presidencial Fado","robots":{"index":"index","follow":"follow","max-snippet":"max-snippet:-1","max-image-preview":"max-image-preview:large","max-video-preview":"max-video-preview:-1"},"canonical":"https:\/\/presidencialfado.com\/en\/tickets\/","og_locale":"en_GB","og_type":"article","og_title":"Bilhetes","og_description":"Bilhetes","og_url":"https:\/\/presidencialfado.com\/en\/tickets\/","og_site_name":"Presidencial Fado","article_publisher":"https:\/\/www.facebook.com\/profile.php?id=61556139603917","article_modified_time":"2024-05-27T09:30:47+00:00","og_image":[{"url":"https:\/\/presidencialfado.com\/wp-content\/uploads\/2024\/05\/formas-de-pagamento-presidencial-fado.webp","type":"","width":"","height":""}],"twitter_card":"summary_large_image","twitter_misc":{"Estimated reading time":"1 minute"},"schema":{"@context":"https:\/\/schema.org","@graph":[{"@type":"WebPage","@id":"https:\/\/presidencialfado.com\/bilhetes\/","url":"https:\/\/presidencialfado.com\/bilhetes\/","name":"Bilhetes - Presidencial Fado","isPartOf":{"@id":"https:\/\/presidencialfado.com\/#website"},"primaryImageOfPage":{"@id":"https:\/\/presidencialfado.com\/bilhetes\/#primaryimage"},"image":{"@id":"https:\/\/presidencialfado.com\/bilhetes\/#primaryimage"},"thumbnailUrl":"https:\/\/presidencialfado.com\/wp-content\/uploads\/2024\/05\/formas-de-pagamento-presidencial-fado.webp","datePublished":"2024-03-29T18:18:21+00:00","dateModified":"2024-05-27T09:30:47+00:00","breadcrumb":{"@id":"https:\/\/presidencialfado.com\/bilhetes\/#breadcrumb"},"inLanguage":"en-GB","potentialAction":[{"@type":"ReadAction","target":["https:\/\/presidencialfado.com\/bilhetes\/"]}]},{"@type":"ImageObject","inLanguage":"en-GB","@id":"https:\/\/presidencialfado.com\/bilhetes\/#primaryimage","url":"https:\/\/presidencialfado.com\/wp-content\/uploads\/2024\/05\/formas-de-pagamento-presidencial-fado.webp","contentUrl":"https:\/\/presidencialfado.com\/wp-content\/uploads\/2024\/05\/formas-de-pagamento-presidencial-fado.webp"},{"@type":"BreadcrumbList","@id":"https:\/\/presidencialfado.com\/bilhetes\/#breadcrumb","itemListElement":[{"@type":"ListItem","position":1,"name":"Home","item":"https:\/\/presidencialfado.com\/"},{"@type":"ListItem","position":2,"name":"Bilhetes"}]},{"@type":"WebSite","@id":"https:\/\/presidencialfado.com\/#website","url":"https:\/\/presidencialfado.com\/","name":"Presidencial Fado","description":"Deixe-se envolver pelo fado na emblem\u00e1tica esta\u00e7\u00e3o de S\u00e3o Bento!","publisher":{"@id":"https:\/\/presidencialfado.com\/#organization"},"alternateName":"Presidencial Fado - Portugal Exclusive","potentialAction":[{"@type":"SearchAction","target":{"@type":"EntryPoint","urlTemplate":"https:\/\/presidencialfado.com\/?s={search_term_string}"},"query-input":{"@type":"PropertyValueSpecification","valueRequired":true,"valueName":"search_term_string"}}],"inLanguage":"en-GB"},{"@type":["Organization","Place","MusicVenue"],"@id":"https:\/\/presidencialfado.com\/#organization","name":"Presidencial Fado","alternateName":"Presidencial Fado - Portugal Exclusive","url":"https:\/\/presidencialfado.com\/","logo":{"@id":"https:\/\/presidencialfado.com\/bilhetes\/#local-main-organization-logo"},"image":{"@id":"https:\/\/presidencialfado.com\/bilhetes\/#local-main-organization-logo"},"sameAs":["https:\/\/www.facebook.com\/profile.php?id=61556139603917","https:\/\/www.instagram.com\/presidencial.fado\/","https:\/\/www.tripadvisor.pt\/Attraction_Review-g189180-d27126109-Reviews-Presidencial_Fado-Porto_Porto_District_Northern_Portugal.html","https:\/\/www.tiktok.com\/@presidencial.fado"],"description":"Dentro da maravilhosa Esta\u00e7\u00e3o Ferrovi\u00e1ria de S\u00e3o Bento encontra o local mais adequado para ouvir Fado. Um espa\u00e7o acolhedor que funciona como sala de concertos, apresenta\u00e7\u00f5es e exposi\u00e7\u00f5es e venda de produtos exclusivos portugueses. Na decora\u00e7\u00e3o est\u00e3o incorporados objetos hist\u00f3ricos dos Caminhos de Ferro em Portugal e pe\u00e7as da pr\u00f3pria Esta\u00e7\u00e3o.","legalName":"Presidencial Fado","address":{"@id":"https:\/\/presidencialfado.com\/bilhetes\/#local-main-place-address"},"geo":{"@type":"GeoCoordinates","latitude":"41.14531920","longitude":"-8.61022250"},"telephone":["+351931350473"],"contactPoint":{"@type":"ContactPoint","telephone":"+351931350473","email":"info@presidencialfado.com"},"openingHoursSpecification":[{"@type":"OpeningHoursSpecification","dayOfWeek":["Monday","Tuesday","Wednesday","Thursday","Friday","Saturday","Sunday"],"opens":"18:00","closes":"19:00"}],"email":"info@presidencialfado.com","areaServed":"Portugal, Porto"},{"@type":"PostalAddress","@id":"https:\/\/presidencialfado.com\/bilhetes\/#local-main-place-address","streetAddress":"Gare Esta\u00e7\u00e3o de S\u00e3o Bento, Pra\u00e7a de Almeida Garrett, 4000-069 Porto","addressLocality":"Porto","postalCode":"4000-069","addressRegion":"Porto","addressCountry":"PT"},{"@type":"ImageObject","inLanguage":"en-GB","@id":"https:\/\/presidencialfado.com\/bilhetes\/#local-main-organization-logo","url":"https:\/\/presidencialfado.com\/wp-content\/uploads\/2024\/03\/Favicon-presidencial-fado.png","contentUrl":"https:\/\/presidencialfado.com\/wp-content\/uploads\/2024\/03\/Favicon-presidencial-fado.png","width":512,"height":512,"caption":"Presidencial Fado"}]},"geo.placename":"Porto","geo.position":{"lat":"41.14531920","long":"-8.61022250"},"geo.region":"Portugal"},"_links":{"self":[{"href":"https:\/\/presidencialfado.com\/en\/wp-json\/wp\/v2\/pages\/33","targetHints":{"allow":["GET"]}}],"collection":[{"href":"https:\/\/presidencialfado.com\/en\/wp-json\/wp\/v2\/pages"}],"about":[{"href":"https:\/\/presidencialfado.com\/en\/wp-json\/wp\/v2\/types\/page"}],"author":[{"embeddable":true,"href":"https:\/\/presidencialfado.com\/en\/wp-json\/wp\/v2\/users\/1"}],"replies":[{"embeddable":true,"href":"https:\/\/presidencialfado.com\/en\/wp-json\/wp\/v2\/comments?post=33"}],"version-history":[{"count":16,"href":"https:\/\/presidencialfado.com\/en\/wp-json\/wp\/v2\/pages\/33\/revisions"}],"predecessor-version":[{"id":442,"href":"https:\/\/presidencialfado.com\/en\/wp-json\/wp\/v2\/pages\/33\/revisions\/442"}],"wp:attachment":[{"href":"https:\/\/presidencialfado.com\/en\/wp-json\/wp\/v2\/media?parent=33"}],"curies":[{"name":"wp","href":"https:\/\/api.w.org\/{rel}","templated":true}]}}