{"id":158,"date":"2024-03-29T20:22:14","date_gmt":"2024-03-29T20:22:14","guid":{"rendered":"https:\/\/presidencialfado.com\/?page_id=158"},"modified":"2024-03-30T00:31:35","modified_gmt":"2024-03-30T00:31:35","slug":"politica-de-pagamento","status":"publish","type":"page","link":"https:\/\/presidencialfado.com\/es\/politica-de-pagamento\/","title":{"rendered":"Pol\u00edtica de pagamento"},"content":{"rendered":"<div data-elementor-type=\"wp-page\" data-elementor-id=\"158\" class=\"elementor elementor-158\" data-elementor-post-type=\"page\">\n\t\t\t\t<div class=\"elementor-element elementor-element-3dcbbb0 e-flex e-con-boxed e-con e-parent\" data-id=\"3dcbbb0\" data-element_type=\"container\" data-settings=\"{&quot;background_background&quot;:&quot;classic&quot;}\">\n\t\t\t\t\t<div class=\"e-con-inner\">\n\t\t\t\t<div class=\"elementor-element elementor-element-2abd1c0 elementor-widget elementor-widget-heading\" data-id=\"2abd1c0\" data-element_type=\"widget\" data-widget_type=\"heading.default\">\n\t\t\t\t<div class=\"elementor-widget-container\">\n\t\t\t\t\t<h2 class=\"elementor-heading-title elementor-size-default\">Pol\u00edtica de pagamento<\/h2>\t\t\t\t<\/div>\n\t\t\t\t<\/div>\n\t\t\t\t<div class=\"elementor-element elementor-element-1a2ce15 elementor-align-center elementor-widget elementor-widget-breadcrumbs\" data-id=\"1a2ce15\" data-element_type=\"widget\" data-widget_type=\"breadcrumbs.default\">\n\t\t\t\t<div class=\"elementor-widget-container\">\n\t\t\t\t\t<p id=\"breadcrumbs\"><span><span><a href=\"https:\/\/presidencialfado.com\/es\/\">Home<\/a><\/span><\/span><\/p>\t\t\t\t<\/div>\n\t\t\t\t<\/div>\n\t\t\t\t\t<\/div>\n\t\t\t\t<\/div>\n\t\t<div class=\"elementor-element elementor-element-6ed323f e-flex e-con-boxed e-con e-parent\" data-id=\"6ed323f\" data-element_type=\"container\">\n\t\t\t\t\t<div class=\"e-con-inner\">\n\t\t\t\t<div class=\"elementor-element elementor-element-a554a3f elementor-widget elementor-widget-text-editor\" data-id=\"a554a3f\" data-element_type=\"widget\" data-widget_type=\"text-editor.default\">\n\t\t\t\t<div class=\"elementor-widget-container\">\n\t\t\t\t\t\t\t\t\t<h2>Pol\u00edtica de pago<\/h2><h3>M\u00e9todos de Pagamento<\/h3><p>Aceitamos pagamentos exclusivamente atrav\u00e9s do PayPal, uma das plataformas de pagamento mais seguras e confi\u00e1veis. Ao clicar no bot\u00e3o de pagamento, voc\u00ea ser\u00e1 redirecionado para o PayPal para concluir a transa\u00e7\u00e3o de forma segura.<\/p><h3>Pre\u00e7os e Tarifas<\/h3><ul><li>O pre\u00e7o unit\u00e1rio para acesso ao nosso servi\u00e7o \u00e9 de <strong>19 euros<\/strong>.<\/li><li>Crian\u00e7as com idade entre <strong>0 a 12 anos<\/strong> t\u00eam acesso gratuito, desde que acompanhadas por um adulto pagante.<\/li><\/ul><h3>Informa\u00e7\u00f5es Necess\u00e1rias para o Pagamento<\/h3><p>Para processar seu pagamento, precisaremos das seguintes informa\u00e7\u00f5es:<\/p><ul><li>Primeiro Nome<\/li><li>\u00daltimo Nome<\/li><li>Email<\/li><li>Telefone<\/li><li>Pa\u00eds<\/li><\/ul><p>Essas informa\u00e7\u00f5es s\u00e3o essenciais para a confirma\u00e7\u00e3o do seu pagamento e para a comunica\u00e7\u00e3o de quaisquer atualiza\u00e7\u00f5es relacionadas ao servi\u00e7o adquirido.<\/p><h3>Seguran\u00e7a e Privacidade<\/h3><p>A seguran\u00e7a das suas informa\u00e7\u00f5es pessoais \u00e9 nossa prioridade. N\u00e3o armazenamos dados de cart\u00e3o de cr\u00e9dito ou outras informa\u00e7\u00f5es de pagamento sens\u00edveis em nossos servidores. Todas as transa\u00e7\u00f5es s\u00e3o processadas atrav\u00e9s do PayPal, que utiliza os mais altos padr\u00f5es de seguran\u00e7a para pagamentos online.<\/p><p>Seus dados pessoais fornecidos (nome, email, telefone, pa\u00eds) ser\u00e3o usados exclusivamente para fins de processamento do pedido e comunica\u00e7\u00f5es relacionadas ao servi\u00e7o adquirido, em conformidade com nossa <span style=\"text-decoration: underline;\"><span style=\"color: #ffffff; text-decoration: underline;\"><a style=\"color: #ffffff; text-decoration: underline;\" href=\"https:\/\/chat.openai.com\/c\/63dd0bd3-cb2c-4d45-a809-1be05d9d2b14#\" target=\"_new\">Pol\u00edtica de Privacidade<\/a>.<\/span><\/span><\/p>\t\t\t\t\t\t\t\t<\/div>\n\t\t\t\t<\/div>\n\t\t\t\t\t<\/div>\n\t\t\t\t<\/div>\n\t\t\t\t<\/div>","protected":false},"excerpt":{"rendered":"<p>Pol\u00edtica de pagamento Pol\u00edtica de Pagamento M\u00e9todos de Pagamento Aceitamos pagamentos exclusivamente atrav\u00e9s do PayPal, uma das plataformas de pagamento mais seguras e confi\u00e1veis. Ao clicar no bot\u00e3o de pagamento, voc\u00ea ser\u00e1 redirecionado para o PayPal para concluir a transa\u00e7\u00e3o de forma segura. Pre\u00e7os e Tarifas O pre\u00e7o unit\u00e1rio para acesso ao nosso servi\u00e7o \u00e9 [&hellip;]<\/p>","protected":false},"author":1,"featured_media":0,"parent":0,"menu_order":0,"comment_status":"closed","ping_status":"closed","template":"","meta":{"footnotes":""},"class_list":["post-158","page","type-page","status-publish","hentry"],"yoast_head":"<!-- This site is optimized with the Yoast SEO Premium plugin v24.1 (Yoast SEO v24.1) - https:\/\/yoast.com\/wordpress\/plugins\/seo\/ -->\n<title>Pol\u00edtica de pagamento - Presidencial Fado<\/title>\n<meta name=\"robots\" content=\"index, follow, max-snippet:-1, max-image-preview:large, max-video-preview:-1\" \/>\n<link rel=\"canonical\" href=\"https:\/\/presidencialfado.com\/es\/politica-de-pagamento\/\" \/>\n<meta property=\"og:locale\" content=\"es_ES\" \/>\n<meta property=\"og:type\" content=\"article\" \/>\n<meta property=\"og:title\" content=\"Pol\u00edtica de pagamento\" \/>\n<meta property=\"og:description\" content=\"Pol\u00edtica de pagamento Pol\u00edtica de Pagamento M\u00e9todos de Pagamento Aceitamos pagamentos exclusivamente atrav\u00e9s do PayPal, uma das plataformas de pagamento mais seguras e confi\u00e1veis. Ao clicar no bot\u00e3o de pagamento, voc\u00ea ser\u00e1 redirecionado para o PayPal para concluir a transa\u00e7\u00e3o de forma segura. Pre\u00e7os e Tarifas O pre\u00e7o unit\u00e1rio para acesso ao nosso servi\u00e7o \u00e9 [&hellip;]\" \/>\n<meta property=\"og:url\" content=\"https:\/\/presidencialfado.com\/es\/politica-de-pagamento\/\" \/>\n<meta property=\"og:site_name\" content=\"Presidencial Fado\" \/>\n<meta property=\"article:publisher\" content=\"https:\/\/www.facebook.com\/profile.php?id=61556139603917\" \/>\n<meta property=\"article:modified_time\" content=\"2024-03-30T00:31:35+00:00\" \/>\n<meta property=\"og:image\" content=\"https:\/\/presidencialfado.com\/wp-content\/uploads\/2024\/03\/cropped-Favicon-presidencial-fado.png\" \/>\n\t<meta property=\"og:image:width\" content=\"512\" \/>\n\t<meta property=\"og:image:height\" content=\"512\" \/>\n\t<meta property=\"og:image:type\" content=\"image\/png\" \/>\n<meta name=\"twitter:card\" content=\"summary_large_image\" \/>\n<meta name=\"twitter:label1\" content=\"Tiempo de lectura\" \/>\n\t<meta name=\"twitter:data1\" content=\"2 minutos\" \/>\n<script type=\"application\/ld+json\" class=\"yoast-schema-graph\">{\"@context\":\"https:\/\/schema.org\",\"@graph\":[{\"@type\":\"WebPage\",\"@id\":\"https:\/\/presidencialfado.com\/politica-de-pagamento\/\",\"url\":\"https:\/\/presidencialfado.com\/politica-de-pagamento\/\",\"name\":\"Pol\u00edtica de pagamento - Presidencial Fado\",\"isPartOf\":{\"@id\":\"https:\/\/presidencialfado.com\/#website\"},\"datePublished\":\"2024-03-29T20:22:14+00:00\",\"dateModified\":\"2024-03-30T00:31:35+00:00\",\"breadcrumb\":{\"@id\":\"https:\/\/presidencialfado.com\/politica-de-pagamento\/#breadcrumb\"},\"inLanguage\":\"es\",\"potentialAction\":[{\"@type\":\"ReadAction\",\"target\":[\"https:\/\/presidencialfado.com\/politica-de-pagamento\/\"]}]},{\"@type\":\"BreadcrumbList\",\"@id\":\"https:\/\/presidencialfado.com\/politica-de-pagamento\/#breadcrumb\",\"itemListElement\":[{\"@type\":\"ListItem\",\"position\":1,\"name\":\"Home\",\"item\":\"https:\/\/presidencialfado.com\/\"},{\"@type\":\"ListItem\",\"position\":2,\"name\":\"Pol\u00edtica de pagamento\"}]},{\"@type\":\"WebSite\",\"@id\":\"https:\/\/presidencialfado.com\/#website\",\"url\":\"https:\/\/presidencialfado.com\/\",\"name\":\"Presidencial Fado\",\"description\":\"Deixe-se envolver pelo fado na emblem\u00e1tica esta\u00e7\u00e3o de S\u00e3o Bento!\",\"publisher\":{\"@id\":\"https:\/\/presidencialfado.com\/#organization\"},\"alternateName\":\"Presidencial Fado - Portugal Exclusive\",\"potentialAction\":[{\"@type\":\"SearchAction\",\"target\":{\"@type\":\"EntryPoint\",\"urlTemplate\":\"https:\/\/presidencialfado.com\/?s={search_term_string}\"},\"query-input\":{\"@type\":\"PropertyValueSpecification\",\"valueRequired\":true,\"valueName\":\"search_term_string\"}}],\"inLanguage\":\"es\"},{\"@type\":[\"Organization\",\"Place\",\"MusicVenue\"],\"@id\":\"https:\/\/presidencialfado.com\/#organization\",\"name\":\"Presidencial Fado\",\"alternateName\":\"Presidencial Fado - Portugal Exclusive\",\"url\":\"https:\/\/presidencialfado.com\/\",\"logo\":{\"@id\":\"https:\/\/presidencialfado.com\/politica-de-pagamento\/#local-main-organization-logo\"},\"image\":{\"@id\":\"https:\/\/presidencialfado.com\/politica-de-pagamento\/#local-main-organization-logo\"},\"sameAs\":[\"https:\/\/www.facebook.com\/profile.php?id=61556139603917\",\"https:\/\/www.instagram.com\/presidencial.fado\/\",\"https:\/\/www.tripadvisor.pt\/Attraction_Review-g189180-d27126109-Reviews-Presidencial_Fado-Porto_Porto_District_Northern_Portugal.html\",\"https:\/\/www.tiktok.com\/@presidencial.fado\"],\"description\":\"Dentro da maravilhosa Esta\u00e7\u00e3o Ferrovi\u00e1ria de S\u00e3o Bento encontra o local mais adequado para ouvir Fado. Um espa\u00e7o acolhedor que funciona como sala de concertos, apresenta\u00e7\u00f5es e exposi\u00e7\u00f5es e venda de produtos exclusivos portugueses. Na decora\u00e7\u00e3o est\u00e3o incorporados objetos hist\u00f3ricos dos Caminhos de Ferro em Portugal e pe\u00e7as da pr\u00f3pria Esta\u00e7\u00e3o.\",\"legalName\":\"Presidencial Fado\",\"address\":{\"@id\":\"https:\/\/presidencialfado.com\/politica-de-pagamento\/#local-main-place-address\"},\"geo\":{\"@type\":\"GeoCoordinates\",\"latitude\":\"41.14531920\",\"longitude\":\"-8.61022250\"},\"telephone\":[\"+351931350473\"],\"contactPoint\":{\"@type\":\"ContactPoint\",\"telephone\":\"+351931350473\",\"email\":\"info@presidencialfado.com\"},\"openingHoursSpecification\":[{\"@type\":\"OpeningHoursSpecification\",\"dayOfWeek\":[\"Monday\",\"Tuesday\",\"Wednesday\",\"Thursday\",\"Friday\",\"Saturday\",\"Sunday\"],\"opens\":\"18:00\",\"closes\":\"19:00\"}],\"email\":\"info@presidencialfado.com\",\"areaServed\":\"Portugal, Porto\"},{\"@type\":\"PostalAddress\",\"@id\":\"https:\/\/presidencialfado.com\/politica-de-pagamento\/#local-main-place-address\",\"streetAddress\":\"Gare Esta\u00e7\u00e3o de S\u00e3o Bento, Pra\u00e7a de Almeida Garrett, 4000-069 Porto\",\"addressLocality\":\"Porto\",\"postalCode\":\"4000-069\",\"addressRegion\":\"Porto\",\"addressCountry\":\"PT\"},{\"@type\":\"ImageObject\",\"inLanguage\":\"es\",\"@id\":\"https:\/\/presidencialfado.com\/politica-de-pagamento\/#local-main-organization-logo\",\"url\":\"https:\/\/presidencialfado.com\/wp-content\/uploads\/2024\/03\/Favicon-presidencial-fado.png\",\"contentUrl\":\"https:\/\/presidencialfado.com\/wp-content\/uploads\/2024\/03\/Favicon-presidencial-fado.png\",\"width\":512,\"height\":512,\"caption\":\"Presidencial Fado\"}]}<\/script>\n<meta name=\"geo.placename\" content=\"Porto\" \/>\n<meta name=\"geo.position\" content=\"41.14531920;-8.61022250\" \/>\n<meta name=\"geo.region\" content=\"Portugal\" \/>\n<!-- \/ Yoast SEO Premium plugin. -->","yoast_head_json":{"title":"Pol\u00edtica de pagamento - Presidencial Fado","robots":{"index":"index","follow":"follow","max-snippet":"max-snippet:-1","max-image-preview":"max-image-preview:large","max-video-preview":"max-video-preview:-1"},"canonical":"https:\/\/presidencialfado.com\/es\/politica-de-pagamento\/","og_locale":"es_ES","og_type":"article","og_title":"Pol\u00edtica de pagamento","og_description":"Pol\u00edtica de pagamento Pol\u00edtica de Pagamento M\u00e9todos de Pagamento Aceitamos pagamentos exclusivamente atrav\u00e9s do PayPal, uma das plataformas de pagamento mais seguras e confi\u00e1veis. Ao clicar no bot\u00e3o de pagamento, voc\u00ea ser\u00e1 redirecionado para o PayPal para concluir a transa\u00e7\u00e3o de forma segura. Pre\u00e7os e Tarifas O pre\u00e7o unit\u00e1rio para acesso ao nosso servi\u00e7o \u00e9 [&hellip;]","og_url":"https:\/\/presidencialfado.com\/es\/politica-de-pagamento\/","og_site_name":"Presidencial Fado","article_publisher":"https:\/\/www.facebook.com\/profile.php?id=61556139603917","article_modified_time":"2024-03-30T00:31:35+00:00","og_image":[{"width":512,"height":512,"url":"https:\/\/presidencialfado.com\/wp-content\/uploads\/2024\/03\/cropped-Favicon-presidencial-fado.png","type":"image\/png"}],"twitter_card":"summary_large_image","twitter_misc":{"Tiempo de lectura":"2 minutos"},"schema":{"@context":"https:\/\/schema.org","@graph":[{"@type":"WebPage","@id":"https:\/\/presidencialfado.com\/politica-de-pagamento\/","url":"https:\/\/presidencialfado.com\/politica-de-pagamento\/","name":"Pol\u00edtica de pagamento - Presidencial Fado","isPartOf":{"@id":"https:\/\/presidencialfado.com\/#website"},"datePublished":"2024-03-29T20:22:14+00:00","dateModified":"2024-03-30T00:31:35+00:00","breadcrumb":{"@id":"https:\/\/presidencialfado.com\/politica-de-pagamento\/#breadcrumb"},"inLanguage":"es","potentialAction":[{"@type":"ReadAction","target":["https:\/\/presidencialfado.com\/politica-de-pagamento\/"]}]},{"@type":"BreadcrumbList","@id":"https:\/\/presidencialfado.com\/politica-de-pagamento\/#breadcrumb","itemListElement":[{"@type":"ListItem","position":1,"name":"Home","item":"https:\/\/presidencialfado.com\/"},{"@type":"ListItem","position":2,"name":"Pol\u00edtica de pagamento"}]},{"@type":"WebSite","@id":"https:\/\/presidencialfado.com\/#website","url":"https:\/\/presidencialfado.com\/","name":"Presidencial Fado","description":"Deixe-se envolver pelo fado na emblem\u00e1tica esta\u00e7\u00e3o de S\u00e3o Bento!","publisher":{"@id":"https:\/\/presidencialfado.com\/#organization"},"alternateName":"Presidencial Fado - Portugal Exclusive","potentialAction":[{"@type":"SearchAction","target":{"@type":"EntryPoint","urlTemplate":"https:\/\/presidencialfado.com\/?s={search_term_string}"},"query-input":{"@type":"PropertyValueSpecification","valueRequired":true,"valueName":"search_term_string"}}],"inLanguage":"es"},{"@type":["Organization","Place","MusicVenue"],"@id":"https:\/\/presidencialfado.com\/#organization","name":"Presidencial Fado","alternateName":"Presidencial Fado - Portugal Exclusive","url":"https:\/\/presidencialfado.com\/","logo":{"@id":"https:\/\/presidencialfado.com\/politica-de-pagamento\/#local-main-organization-logo"},"image":{"@id":"https:\/\/presidencialfado.com\/politica-de-pagamento\/#local-main-organization-logo"},"sameAs":["https:\/\/www.facebook.com\/profile.php?id=61556139603917","https:\/\/www.instagram.com\/presidencial.fado\/","https:\/\/www.tripadvisor.pt\/Attraction_Review-g189180-d27126109-Reviews-Presidencial_Fado-Porto_Porto_District_Northern_Portugal.html","https:\/\/www.tiktok.com\/@presidencial.fado"],"description":"Dentro da maravilhosa Esta\u00e7\u00e3o Ferrovi\u00e1ria de S\u00e3o Bento encontra o local mais adequado para ouvir Fado. Um espa\u00e7o acolhedor que funciona como sala de concertos, apresenta\u00e7\u00f5es e exposi\u00e7\u00f5es e venda de produtos exclusivos portugueses. Na decora\u00e7\u00e3o est\u00e3o incorporados objetos hist\u00f3ricos dos Caminhos de Ferro em Portugal e pe\u00e7as da pr\u00f3pria Esta\u00e7\u00e3o.","legalName":"Presidencial Fado","address":{"@id":"https:\/\/presidencialfado.com\/politica-de-pagamento\/#local-main-place-address"},"geo":{"@type":"GeoCoordinates","latitude":"41.14531920","longitude":"-8.61022250"},"telephone":["+351931350473"],"contactPoint":{"@type":"ContactPoint","telephone":"+351931350473","email":"info@presidencialfado.com"},"openingHoursSpecification":[{"@type":"OpeningHoursSpecification","dayOfWeek":["Monday","Tuesday","Wednesday","Thursday","Friday","Saturday","Sunday"],"opens":"18:00","closes":"19:00"}],"email":"info@presidencialfado.com","areaServed":"Portugal, Porto"},{"@type":"PostalAddress","@id":"https:\/\/presidencialfado.com\/politica-de-pagamento\/#local-main-place-address","streetAddress":"Gare Esta\u00e7\u00e3o de S\u00e3o Bento, Pra\u00e7a de Almeida Garrett, 4000-069 Porto","addressLocality":"Porto","postalCode":"4000-069","addressRegion":"Porto","addressCountry":"PT"},{"@type":"ImageObject","inLanguage":"es","@id":"https:\/\/presidencialfado.com\/politica-de-pagamento\/#local-main-organization-logo","url":"https:\/\/presidencialfado.com\/wp-content\/uploads\/2024\/03\/Favicon-presidencial-fado.png","contentUrl":"https:\/\/presidencialfado.com\/wp-content\/uploads\/2024\/03\/Favicon-presidencial-fado.png","width":512,"height":512,"caption":"Presidencial Fado"}]},"geo.placename":"Porto","geo.position":{"lat":"41.14531920","long":"-8.61022250"},"geo.region":"Portugal"},"_links":{"self":[{"href":"https:\/\/presidencialfado.com\/es\/wp-json\/wp\/v2\/pages\/158","targetHints":{"allow":["GET"]}}],"collection":[{"href":"https:\/\/presidencialfado.com\/es\/wp-json\/wp\/v2\/pages"}],"about":[{"href":"https:\/\/presidencialfado.com\/es\/wp-json\/wp\/v2\/types\/page"}],"author":[{"embeddable":true,"href":"https:\/\/presidencialfado.com\/es\/wp-json\/wp\/v2\/users\/1"}],"replies":[{"embeddable":true,"href":"https:\/\/presidencialfado.com\/es\/wp-json\/wp\/v2\/comments?post=158"}],"version-history":[{"count":10,"href":"https:\/\/presidencialfado.com\/es\/wp-json\/wp\/v2\/pages\/158\/revisions"}],"predecessor-version":[{"id":268,"href":"https:\/\/presidencialfado.com\/es\/wp-json\/wp\/v2\/pages\/158\/revisions\/268"}],"wp:attachment":[{"href":"https:\/\/presidencialfado.com\/es\/wp-json\/wp\/v2\/media?parent=158"}],"curies":[{"name":"wp","href":"https:\/\/api.w.org\/{rel}","templated":true}]}}