{"id":153,"date":"2024-03-29T20:15:56","date_gmt":"2024-03-29T20:15:56","guid":{"rendered":"https:\/\/presidencialfado.com\/?page_id=153"},"modified":"2024-03-30T00:31:49","modified_gmt":"2024-03-30T00:31:49","slug":"termos-de-uso","status":"publish","type":"page","link":"https:\/\/presidencialfado.com\/fr\/termos-de-uso\/","title":{"rendered":"Terms of use"},"content":{"rendered":"<div data-elementor-type=\"wp-page\" data-elementor-id=\"153\" class=\"elementor elementor-153\" data-elementor-post-type=\"page\">\n\t\t\t\t<div class=\"elementor-element elementor-element-1710af1 e-flex e-con-boxed e-con e-parent\" data-id=\"1710af1\" data-element_type=\"container\" data-settings=\"{&quot;background_background&quot;:&quot;classic&quot;}\">\n\t\t\t\t\t<div class=\"e-con-inner\">\n\t\t\t\t<div class=\"elementor-element elementor-element-3213e2f elementor-widget elementor-widget-heading\" data-id=\"3213e2f\" data-element_type=\"widget\" data-widget_type=\"heading.default\">\n\t\t\t\t<div class=\"elementor-widget-container\">\n\t\t\t\t\t<h2 class=\"elementor-heading-title elementor-size-default\">Privacy Policy<\/h2>\t\t\t\t<\/div>\n\t\t\t\t<\/div>\n\t\t\t\t<div class=\"elementor-element elementor-element-8021c43 elementor-align-center elementor-widget elementor-widget-breadcrumbs\" data-id=\"8021c43\" data-element_type=\"widget\" data-widget_type=\"breadcrumbs.default\">\n\t\t\t\t<div class=\"elementor-widget-container\">\n\t\t\t\t\t<p id=\"breadcrumbs\"><span><span><a href=\"https:\/\/presidencialfado.com\/fr\/\">Home<\/a><\/span><\/span><\/p>\t\t\t\t<\/div>\n\t\t\t\t<\/div>\n\t\t\t\t\t<\/div>\n\t\t\t\t<\/div>\n\t\t<div class=\"elementor-element elementor-element-e2de17a e-flex e-con-boxed e-con e-parent\" data-id=\"e2de17a\" data-element_type=\"container\">\n\t\t\t\t\t<div class=\"e-con-inner\">\n\t\t\t\t<div class=\"elementor-element elementor-element-8cb94a3 elementor-widget elementor-widget-text-editor\" data-id=\"8cb94a3\" data-element_type=\"widget\" data-widget_type=\"text-editor.default\">\n\t\t\t\t<div class=\"elementor-widget-container\">\n\t\t\t\t\t\t\t\t\t<h2>1. Termos<\/h2><p>Ao acessar ao site\u00a0<span style=\"text-decoration: underline;\"><span style=\"color: #ffffff;\"><a style=\"color: #ffffff; text-decoration: underline;\" href=\"https:\/\/presidencialfado.com\/fr\/\">Presidencial Fado<\/a><\/span><\/span>, concorda em cumprir estes termos de servi\u00e7o, todas as leis e regulamentos aplic\u00e1veis \u200b\u200be concorda que \u00e9 respons\u00e1vel pelo cumprimento de todas as leis locais aplic\u00e1veis. Se voc\u00ea n\u00e3o concordar com algum desses termos, est\u00e1 proibido de usar ou acessar este site. Os materiais contidos neste site s\u00e3o protegidos pelas leis de direitos autorais e marcas comerciais aplic\u00e1veis.<\/p><h2>2. Uso de Licen\u00e7a<\/h2><p>\u00c9 concedida permiss\u00e3o para baixar temporariamente uma c\u00f3pia dos materiais (informa\u00e7\u00f5es ou software) no site Presidencial Fado , apenas para visualiza\u00e7\u00e3o transit\u00f3ria pessoal e n\u00e3o comercial. Esta \u00e9 a concess\u00e3o de uma licen\u00e7a, n\u00e3o uma transfer\u00eancia de t\u00edtulo e, sob esta licen\u00e7a, voc\u00ea n\u00e3o pode:\u00a0<\/p><ol><li>modificar ou copiar os materiais;\u00a0<\/li><li>usar os materiais para qualquer finalidade comercial ou para exibi\u00e7\u00e3o p\u00fablica (comercial ou n\u00e3o comercial);\u00a0<\/li><li>tentar descompilar ou fazer engenharia reversa de qualquer software contido no site Presidencial Fado;\u00a0<\/li><li>remover quaisquer direitos autorais ou outras nota\u00e7\u00f5es de propriedade dos materiais; ou\u00a0<\/li><li>transferir os materiais para outra pessoa ou &#8216;espelhe&#8217; os materiais em qualquer outro servidor.<\/li><\/ol><p>Esta licen\u00e7a ser\u00e1 automaticamente rescindida se voc\u00ea violar alguma dessas restri\u00e7\u00f5es e poder\u00e1 ser rescindida por Presidencial Fado a qualquer momento. Ao encerrar a visualiza\u00e7\u00e3o desses materiais ou ap\u00f3s o t\u00e9rmino desta licen\u00e7a, voc\u00ea deve apagar todos os materiais baixados em sua posse, seja em formato eletr\u00f3nico ou impresso.<\/p><h2>3. Isen\u00e7\u00e3o de responsabilidade<\/h2><ol><li>Os materiais no site da Presidencial Fado s\u00e3o fornecidos &#8216;como est\u00e3o&#8217;. Presidencial Fado n\u00e3o oferece garantias, expressas ou impl\u00edcitas, e, por este meio, isenta e nega todas as outras garantias, incluindo, sem limita\u00e7\u00e3o, garantias impl\u00edcitas ou condi\u00e7\u00f5es de comercializa\u00e7\u00e3o, adequa\u00e7\u00e3o a um fim espec\u00edfico ou n\u00e3o viola\u00e7\u00e3o de propriedade intelectual ou outra viola\u00e7\u00e3o de direitos.<\/li><li>Al\u00e9m disso, o Presidencial Fado n\u00e3o garante ou faz qualquer representa\u00e7\u00e3o relativa \u00e0 precis\u00e3o, aos resultados prov\u00e1veis \u200b\u200bou \u00e0 confiabilidade do uso dos materiais em seu site ou de outra forma relacionado a esses materiais ou em sites vinculados a este site.<\/li><\/ol><h2>4. Limita\u00e7\u00f5es<\/h2><p>Em nenhum caso o Presidencial Fado ou seus fornecedores ser\u00e3o respons\u00e1veis \u200b\u200bpor quaisquer danos (incluindo, sem limita\u00e7\u00e3o, danos por perda de dados ou lucro ou devido a interrup\u00e7\u00e3o dos neg\u00f3cios) decorrentes do uso ou da incapacidade de usar os materiais em Presidencial Fado, mesmo que Presidencial Fado ou um representante autorizado da Presidencial Fado tenha sido notificado oralmente ou por escrito da possibilidade de tais danos. Como algumas jurisdi\u00e7\u00f5es n\u00e3o permitem limita\u00e7\u00f5es em garantias impl\u00edcitas, ou limita\u00e7\u00f5es de responsabilidade por danos conseq\u00fcentes ou incidentais, essas limita\u00e7\u00f5es podem n\u00e3o se aplicar a voc\u00ea.<\/p><h2>5. Precis\u00e3o dos materiais<\/h2><p>Os materiais exibidos no site da Presidencial Fado podem incluir erros t\u00e9cnicos, tipogr\u00e1ficos ou fotogr\u00e1ficos. Presidencial Fado n\u00e3o garante que qualquer material em seu site seja preciso, completo ou atual. Presidencial Fado pode fazer altera\u00e7\u00f5es nos materiais contidos em seu site a qualquer momento, sem aviso pr\u00e9vio. No entanto, Presidencial Fado n\u00e3o se compromete a atualizar os materiais.<\/p><h2>6. Links<\/h2><p>O Presidencial Fado n\u00e3o analisou todos os sites vinculados ao seu site e n\u00e3o \u00e9 respons\u00e1vel pelo conte\u00fado de nenhum site vinculado. A inclus\u00e3o de qualquer link n\u00e3o implica endosso por Presidencial Fado do site. O uso de qualquer site vinculado \u00e9 por conta e risco do usu\u00e1rio.<\/p><h3>Modifica\u00e7\u00f5es<\/h3><p>O Presidencial Fado pode revisar estes termos de servi\u00e7o do site a qualquer momento, sem aviso pr\u00e9vio. Ao usar este site, voc\u00ea concorda em ficar vinculado \u00e0 vers\u00e3o atual desses termos de servi\u00e7o.<\/p><h3>Lei aplic\u00e1vel<\/h3><p>Estes termos e condi\u00e7\u00f5es s\u00e3o regidos e interpretados de acordo com as leis do Presidencial Fado e voc\u00ea se submete irrevogavelmente \u00e0 jurisdi\u00e7\u00e3o exclusiva dos tribunais naquele estado ou localidade.<\/p>\t\t\t\t\t\t\t\t<\/div>\n\t\t\t\t<\/div>\n\t\t\t\t\t<\/div>\n\t\t\t\t<\/div>\n\t\t\t\t<\/div>","protected":false},"excerpt":{"rendered":"<p>Pol\u00edtica de privacidade 1. Termos Ao acessar ao site\u00a0Presidencial Fado, concorda em cumprir estes termos de servi\u00e7o, todas as leis e regulamentos aplic\u00e1veis \u200b\u200be concorda que \u00e9 respons\u00e1vel pelo cumprimento de todas as leis locais aplic\u00e1veis. Se voc\u00ea n\u00e3o concordar com algum desses termos, est\u00e1 proibido de usar ou acessar este site. Os materiais contidos [&hellip;]<\/p>","protected":false},"author":1,"featured_media":0,"parent":0,"menu_order":0,"comment_status":"closed","ping_status":"closed","template":"","meta":{"footnotes":""},"class_list":["post-153","page","type-page","status-publish","hentry"],"yoast_head":"<!-- This site is optimized with the Yoast SEO Premium plugin v24.1 (Yoast SEO v24.1) - https:\/\/yoast.com\/wordpress\/plugins\/seo\/ -->\n<title>Termos de uso - Presidencial Fado<\/title>\n<meta name=\"robots\" content=\"index, follow, max-snippet:-1, max-image-preview:large, max-video-preview:-1\" \/>\n<link rel=\"canonical\" href=\"https:\/\/presidencialfado.com\/fr\/termos-de-uso\/\" \/>\n<meta property=\"og:locale\" content=\"fr_FR\" \/>\n<meta property=\"og:type\" content=\"article\" \/>\n<meta property=\"og:title\" content=\"Termos de uso\" \/>\n<meta property=\"og:description\" content=\"Pol\u00edtica de privacidade 1. Termos Ao acessar ao site\u00a0Presidencial Fado, concorda em cumprir estes termos de servi\u00e7o, todas as leis e regulamentos aplic\u00e1veis \u200b\u200be concorda que \u00e9 respons\u00e1vel pelo cumprimento de todas as leis locais aplic\u00e1veis. Se voc\u00ea n\u00e3o concordar com algum desses termos, est\u00e1 proibido de usar ou acessar este site. Os materiais contidos [&hellip;]\" \/>\n<meta property=\"og:url\" content=\"https:\/\/presidencialfado.com\/fr\/termos-de-uso\/\" \/>\n<meta property=\"og:site_name\" content=\"Presidencial Fado\" \/>\n<meta property=\"article:publisher\" content=\"https:\/\/www.facebook.com\/profile.php?id=61556139603917\" \/>\n<meta property=\"article:modified_time\" content=\"2024-03-30T00:31:49+00:00\" \/>\n<meta property=\"og:image\" content=\"https:\/\/presidencialfado.com\/wp-content\/uploads\/2024\/03\/cropped-Favicon-presidencial-fado.png\" \/>\n\t<meta property=\"og:image:width\" content=\"512\" \/>\n\t<meta property=\"og:image:height\" content=\"512\" \/>\n\t<meta property=\"og:image:type\" content=\"image\/png\" \/>\n<meta name=\"twitter:card\" content=\"summary_large_image\" \/>\n<meta name=\"twitter:label1\" content=\"Dur\u00e9e de lecture estim\u00e9e\" \/>\n\t<meta name=\"twitter:data1\" content=\"4 minutes\" \/>\n<script type=\"application\/ld+json\" class=\"yoast-schema-graph\">{\"@context\":\"https:\/\/schema.org\",\"@graph\":[{\"@type\":\"WebPage\",\"@id\":\"https:\/\/presidencialfado.com\/termos-de-uso\/\",\"url\":\"https:\/\/presidencialfado.com\/termos-de-uso\/\",\"name\":\"Termos de uso - Presidencial Fado\",\"isPartOf\":{\"@id\":\"https:\/\/presidencialfado.com\/#website\"},\"datePublished\":\"2024-03-29T20:15:56+00:00\",\"dateModified\":\"2024-03-30T00:31:49+00:00\",\"breadcrumb\":{\"@id\":\"https:\/\/presidencialfado.com\/termos-de-uso\/#breadcrumb\"},\"inLanguage\":\"fr-FR\",\"potentialAction\":[{\"@type\":\"ReadAction\",\"target\":[\"https:\/\/presidencialfado.com\/termos-de-uso\/\"]}]},{\"@type\":\"BreadcrumbList\",\"@id\":\"https:\/\/presidencialfado.com\/termos-de-uso\/#breadcrumb\",\"itemListElement\":[{\"@type\":\"ListItem\",\"position\":1,\"name\":\"Home\",\"item\":\"https:\/\/presidencialfado.com\/\"},{\"@type\":\"ListItem\",\"position\":2,\"name\":\"Termos de uso\"}]},{\"@type\":\"WebSite\",\"@id\":\"https:\/\/presidencialfado.com\/#website\",\"url\":\"https:\/\/presidencialfado.com\/\",\"name\":\"Presidencial Fado\",\"description\":\"Deixe-se envolver pelo fado na emblem\u00e1tica esta\u00e7\u00e3o de S\u00e3o Bento!\",\"publisher\":{\"@id\":\"https:\/\/presidencialfado.com\/#organization\"},\"alternateName\":\"Presidencial Fado - Portugal Exclusive\",\"potentialAction\":[{\"@type\":\"SearchAction\",\"target\":{\"@type\":\"EntryPoint\",\"urlTemplate\":\"https:\/\/presidencialfado.com\/?s={search_term_string}\"},\"query-input\":{\"@type\":\"PropertyValueSpecification\",\"valueRequired\":true,\"valueName\":\"search_term_string\"}}],\"inLanguage\":\"fr-FR\"},{\"@type\":[\"Organization\",\"Place\",\"MusicVenue\"],\"@id\":\"https:\/\/presidencialfado.com\/#organization\",\"name\":\"Presidencial Fado\",\"alternateName\":\"Presidencial Fado - Portugal Exclusive\",\"url\":\"https:\/\/presidencialfado.com\/\",\"logo\":{\"@id\":\"https:\/\/presidencialfado.com\/termos-de-uso\/#local-main-organization-logo\"},\"image\":{\"@id\":\"https:\/\/presidencialfado.com\/termos-de-uso\/#local-main-organization-logo\"},\"sameAs\":[\"https:\/\/www.facebook.com\/profile.php?id=61556139603917\",\"https:\/\/www.instagram.com\/presidencial.fado\/\",\"https:\/\/www.tripadvisor.pt\/Attraction_Review-g189180-d27126109-Reviews-Presidencial_Fado-Porto_Porto_District_Northern_Portugal.html\",\"https:\/\/www.tiktok.com\/@presidencial.fado\"],\"description\":\"Dentro da maravilhosa Esta\u00e7\u00e3o Ferrovi\u00e1ria de S\u00e3o Bento encontra o local mais adequado para ouvir Fado. Um espa\u00e7o acolhedor que funciona como sala de concertos, apresenta\u00e7\u00f5es e exposi\u00e7\u00f5es e venda de produtos exclusivos portugueses. Na decora\u00e7\u00e3o est\u00e3o incorporados objetos hist\u00f3ricos dos Caminhos de Ferro em Portugal e pe\u00e7as da pr\u00f3pria Esta\u00e7\u00e3o.\",\"legalName\":\"Presidencial Fado\",\"address\":{\"@id\":\"https:\/\/presidencialfado.com\/termos-de-uso\/#local-main-place-address\"},\"geo\":{\"@type\":\"GeoCoordinates\",\"latitude\":\"41.14531920\",\"longitude\":\"-8.61022250\"},\"telephone\":[\"+351931350473\"],\"contactPoint\":{\"@type\":\"ContactPoint\",\"telephone\":\"+351931350473\",\"email\":\"info@presidencialfado.com\"},\"openingHoursSpecification\":[{\"@type\":\"OpeningHoursSpecification\",\"dayOfWeek\":[\"Monday\",\"Tuesday\",\"Wednesday\",\"Thursday\",\"Friday\",\"Saturday\",\"Sunday\"],\"opens\":\"18:00\",\"closes\":\"19:00\"}],\"email\":\"info@presidencialfado.com\",\"areaServed\":\"Portugal, Porto\"},{\"@type\":\"PostalAddress\",\"@id\":\"https:\/\/presidencialfado.com\/termos-de-uso\/#local-main-place-address\",\"streetAddress\":\"Gare Esta\u00e7\u00e3o de S\u00e3o Bento, Pra\u00e7a de Almeida Garrett, 4000-069 Porto\",\"addressLocality\":\"Porto\",\"postalCode\":\"4000-069\",\"addressRegion\":\"Porto\",\"addressCountry\":\"PT\"},{\"@type\":\"ImageObject\",\"inLanguage\":\"fr-FR\",\"@id\":\"https:\/\/presidencialfado.com\/termos-de-uso\/#local-main-organization-logo\",\"url\":\"https:\/\/presidencialfado.com\/wp-content\/uploads\/2024\/03\/Favicon-presidencial-fado.png\",\"contentUrl\":\"https:\/\/presidencialfado.com\/wp-content\/uploads\/2024\/03\/Favicon-presidencial-fado.png\",\"width\":512,\"height\":512,\"caption\":\"Presidencial Fado\"}]}<\/script>\n<meta name=\"geo.placename\" content=\"Porto\" \/>\n<meta name=\"geo.position\" content=\"41.14531920;-8.61022250\" \/>\n<meta name=\"geo.region\" content=\"Portugal\" \/>\n<!-- \/ Yoast SEO Premium plugin. -->","yoast_head_json":{"title":"Termos de uso - Presidencial Fado","robots":{"index":"index","follow":"follow","max-snippet":"max-snippet:-1","max-image-preview":"max-image-preview:large","max-video-preview":"max-video-preview:-1"},"canonical":"https:\/\/presidencialfado.com\/fr\/termos-de-uso\/","og_locale":"fr_FR","og_type":"article","og_title":"Termos de uso","og_description":"Pol\u00edtica de privacidade 1. Termos Ao acessar ao site\u00a0Presidencial Fado, concorda em cumprir estes termos de servi\u00e7o, todas as leis e regulamentos aplic\u00e1veis \u200b\u200be concorda que \u00e9 respons\u00e1vel pelo cumprimento de todas as leis locais aplic\u00e1veis. Se voc\u00ea n\u00e3o concordar com algum desses termos, est\u00e1 proibido de usar ou acessar este site. Os materiais contidos [&hellip;]","og_url":"https:\/\/presidencialfado.com\/fr\/termos-de-uso\/","og_site_name":"Presidencial Fado","article_publisher":"https:\/\/www.facebook.com\/profile.php?id=61556139603917","article_modified_time":"2024-03-30T00:31:49+00:00","og_image":[{"width":512,"height":512,"url":"https:\/\/presidencialfado.com\/wp-content\/uploads\/2024\/03\/cropped-Favicon-presidencial-fado.png","type":"image\/png"}],"twitter_card":"summary_large_image","twitter_misc":{"Dur\u00e9e de lecture estim\u00e9e":"4 minutes"},"schema":{"@context":"https:\/\/schema.org","@graph":[{"@type":"WebPage","@id":"https:\/\/presidencialfado.com\/termos-de-uso\/","url":"https:\/\/presidencialfado.com\/termos-de-uso\/","name":"Termos de uso - Presidencial Fado","isPartOf":{"@id":"https:\/\/presidencialfado.com\/#website"},"datePublished":"2024-03-29T20:15:56+00:00","dateModified":"2024-03-30T00:31:49+00:00","breadcrumb":{"@id":"https:\/\/presidencialfado.com\/termos-de-uso\/#breadcrumb"},"inLanguage":"fr-FR","potentialAction":[{"@type":"ReadAction","target":["https:\/\/presidencialfado.com\/termos-de-uso\/"]}]},{"@type":"BreadcrumbList","@id":"https:\/\/presidencialfado.com\/termos-de-uso\/#breadcrumb","itemListElement":[{"@type":"ListItem","position":1,"name":"Home","item":"https:\/\/presidencialfado.com\/"},{"@type":"ListItem","position":2,"name":"Termos de uso"}]},{"@type":"WebSite","@id":"https:\/\/presidencialfado.com\/#website","url":"https:\/\/presidencialfado.com\/","name":"Presidencial Fado","description":"Deixe-se envolver pelo fado na emblem\u00e1tica esta\u00e7\u00e3o de S\u00e3o Bento!","publisher":{"@id":"https:\/\/presidencialfado.com\/#organization"},"alternateName":"Presidencial Fado - Portugal Exclusive","potentialAction":[{"@type":"SearchAction","target":{"@type":"EntryPoint","urlTemplate":"https:\/\/presidencialfado.com\/?s={search_term_string}"},"query-input":{"@type":"PropertyValueSpecification","valueRequired":true,"valueName":"search_term_string"}}],"inLanguage":"fr-FR"},{"@type":["Organization","Place","MusicVenue"],"@id":"https:\/\/presidencialfado.com\/#organization","name":"Presidencial Fado","alternateName":"Presidencial Fado - Portugal Exclusive","url":"https:\/\/presidencialfado.com\/","logo":{"@id":"https:\/\/presidencialfado.com\/termos-de-uso\/#local-main-organization-logo"},"image":{"@id":"https:\/\/presidencialfado.com\/termos-de-uso\/#local-main-organization-logo"},"sameAs":["https:\/\/www.facebook.com\/profile.php?id=61556139603917","https:\/\/www.instagram.com\/presidencial.fado\/","https:\/\/www.tripadvisor.pt\/Attraction_Review-g189180-d27126109-Reviews-Presidencial_Fado-Porto_Porto_District_Northern_Portugal.html","https:\/\/www.tiktok.com\/@presidencial.fado"],"description":"Dentro da maravilhosa Esta\u00e7\u00e3o Ferrovi\u00e1ria de S\u00e3o Bento encontra o local mais adequado para ouvir Fado. Um espa\u00e7o acolhedor que funciona como sala de concertos, apresenta\u00e7\u00f5es e exposi\u00e7\u00f5es e venda de produtos exclusivos portugueses. Na decora\u00e7\u00e3o est\u00e3o incorporados objetos hist\u00f3ricos dos Caminhos de Ferro em Portugal e pe\u00e7as da pr\u00f3pria Esta\u00e7\u00e3o.","legalName":"Presidencial Fado","address":{"@id":"https:\/\/presidencialfado.com\/termos-de-uso\/#local-main-place-address"},"geo":{"@type":"GeoCoordinates","latitude":"41.14531920","longitude":"-8.61022250"},"telephone":["+351931350473"],"contactPoint":{"@type":"ContactPoint","telephone":"+351931350473","email":"info@presidencialfado.com"},"openingHoursSpecification":[{"@type":"OpeningHoursSpecification","dayOfWeek":["Monday","Tuesday","Wednesday","Thursday","Friday","Saturday","Sunday"],"opens":"18:00","closes":"19:00"}],"email":"info@presidencialfado.com","areaServed":"Portugal, Porto"},{"@type":"PostalAddress","@id":"https:\/\/presidencialfado.com\/termos-de-uso\/#local-main-place-address","streetAddress":"Gare Esta\u00e7\u00e3o de S\u00e3o Bento, Pra\u00e7a de Almeida Garrett, 4000-069 Porto","addressLocality":"Porto","postalCode":"4000-069","addressRegion":"Porto","addressCountry":"PT"},{"@type":"ImageObject","inLanguage":"fr-FR","@id":"https:\/\/presidencialfado.com\/termos-de-uso\/#local-main-organization-logo","url":"https:\/\/presidencialfado.com\/wp-content\/uploads\/2024\/03\/Favicon-presidencial-fado.png","contentUrl":"https:\/\/presidencialfado.com\/wp-content\/uploads\/2024\/03\/Favicon-presidencial-fado.png","width":512,"height":512,"caption":"Presidencial Fado"}]},"geo.placename":"Porto","geo.position":{"lat":"41.14531920","long":"-8.61022250"},"geo.region":"Portugal"},"_links":{"self":[{"href":"https:\/\/presidencialfado.com\/fr\/wp-json\/wp\/v2\/pages\/153","targetHints":{"allow":["GET"]}}],"collection":[{"href":"https:\/\/presidencialfado.com\/fr\/wp-json\/wp\/v2\/pages"}],"about":[{"href":"https:\/\/presidencialfado.com\/fr\/wp-json\/wp\/v2\/types\/page"}],"author":[{"embeddable":true,"href":"https:\/\/presidencialfado.com\/fr\/wp-json\/wp\/v2\/users\/1"}],"replies":[{"embeddable":true,"href":"https:\/\/presidencialfado.com\/fr\/wp-json\/wp\/v2\/comments?post=153"}],"version-history":[{"count":7,"href":"https:\/\/presidencialfado.com\/fr\/wp-json\/wp\/v2\/pages\/153\/revisions"}],"predecessor-version":[{"id":274,"href":"https:\/\/presidencialfado.com\/fr\/wp-json\/wp\/v2\/pages\/153\/revisions\/274"}],"wp:attachment":[{"href":"https:\/\/presidencialfado.com\/fr\/wp-json\/wp\/v2\/media?parent=153"}],"curies":[{"name":"wp","href":"https:\/\/api.w.org\/{rel}","templated":true}]}}